{"id":25,"date":"2025-02-02T13:53:00","date_gmt":"2025-02-02T12:53:00","guid":{"rendered":"https:\/\/cinematurc.com\/site\/?page_id=25"},"modified":"2025-03-31T11:09:29","modified_gmt":"2025-03-31T09:09:29","slug":"tarifs","status":"publish","type":"page","link":"https:\/\/cinematurc.com\/site\/?page_id=25","title":{"rendered":"Tarifs"},"content":{"rendered":"\n<blockquote class=\"wp-block-quote is-layout-flow wp-block-quote-is-layout-flow\">\n<p><strong>Le Brady<\/strong><br>PLEIN TARIF: 9\u20ac<br>TARIF REDUIT: 7\u20ac&nbsp; \/ TARIF -26 ans : 6,50\u20ac \/ TARIF \u2013 15 ans: 5,50\u20ac<br>PASS POUR 5 SEANCES Carte C.I.P. : 36\u20ac \/ Carte UGC illimit\u00e9 et Cin\u00e9Pass Path\u00e9-Gaumont accept\u00e9s.<br><br><strong>39 Boulevard de Strasbourg, 75010<br><\/strong>M\u00e9tro: Strasbourg- St. Denis (L4, L8 et L9), Ch\u00e2teau d\u2019Eau (L4)<\/p>\n<\/blockquote>\n\n\n\n<blockquote class=\"wp-block-quote is-layout-flow wp-block-quote-is-layout-flow\">\n<p><strong>Le Louxor<\/strong><br>PLEIN TARIF: 11,50\u20ac<br>TARIF REDUIT: 8,50\u20ac (Sur pr\u00e9sentation d\u2019un justificatif : \u00e9tudiants, demandeurs d\u2019emploi, famille nombreuse, + 65 ans, personnes handicap\u00e9es, \u2013 26 ans)<br>TARIF -26 ans : 6\u20ac \/ PASS POUR 5 S\u00c9ANCES: 39\u20ac (non nominative et valable 6 mois) \/ Carte UGC illimit\u00e9 et Cin\u00e9Pass Path\u00e9-Gaumont accept\u00e9s. <br><br><strong>170 Boulevard de Magenta, 75010<br><\/strong>M\u00e9tro: Barb\u00e8s- Rochechouart (L2 et L4)<\/p>\n<\/blockquote>\n\n\n\n<blockquote class=\"wp-block-quote is-layout-flow wp-block-quote-is-layout-flow\">\n<p><strong>Cin\u00e9ma Saint-Andr\u00e9 des Arts<\/strong><br>PLEIN TARIF<strong>&nbsp;<\/strong>10,50\u20ac<br>TARIF REDUIT<strong>&nbsp;<\/strong><em>(Etudiants, ch\u00f4meurs, + de 65 ans, \u2013 de 26 ans,&nbsp;familles nombreuses, handicap\u00e9(e)s)<\/em>&nbsp;8,50\u20ac<br>PASS POUR 5 SEANCES Carte C.I.P. : 36\u20ac<br>Moins de 15 ans 6,50\u20ac<br>Cartes&nbsp;UGC&nbsp;illimit\u00e9 et Cin\u00e9Pass Path\u00e9-Gaumont accept\u00e9s. <br><br><strong>30 Rue Saint-Andr\u00e9 des Arts, 75006<br><\/strong>M\u00e9tro: St Michel (L4 et RER C)<\/p>\n<\/blockquote>\n\n\n\n<blockquote class=\"wp-block-quote is-layout-flow wp-block-quote-is-layout-flow\">\n<p><strong>Goethe Institut<\/strong><br>Entr\u00e9e libre <br><br><strong>17 Av. d\u2019I\u00e9na, 75016<br><\/strong>M\u00e9tro: I\u00e9na (L9)<\/p>\n<\/blockquote>\n","protected":false},"excerpt":{"rendered":"<p>Le BradyPLEIN TARIF: 9\u20acTARIF REDUIT: 7\u20ac&nbsp; \/ TARIF -26 ans : 6,50\u20ac \/ TARIF \u2013 15 ans: 5,50\u20acPASS POUR 5 SEANCES Carte C.I.P. : 36\u20ac \/ Carte UGC illimit\u00e9 et Cin\u00e9Pass Path\u00e9-Gaumont accept\u00e9s. 39 Boulevard de Strasbourg, 75010M\u00e9tro: Strasbourg- St. Denis (L4, L8 et L9), Ch\u00e2teau d\u2019Eau (L4) Le LouxorPLEIN TARIF: 11,50\u20acTARIF REDUIT: 8,50\u20ac (Sur [&hellip;]<\/p>\n","protected":false},"author":1,"featured_media":0,"parent":0,"menu_order":0,"comment_status":"closed","ping_status":"closed","template":"","meta":{"footnotes":""},"class_list":["post-25","page","type-page","status-publish","hentry"],"_links":{"self":[{"href":"https:\/\/cinematurc.com\/site\/index.php?rest_route=\/wp\/v2\/pages\/25","targetHints":{"allow":["GET"]}}],"collection":[{"href":"https:\/\/cinematurc.com\/site\/index.php?rest_route=\/wp\/v2\/pages"}],"about":[{"href":"https:\/\/cinematurc.com\/site\/index.php?rest_route=\/wp\/v2\/types\/page"}],"author":[{"embeddable":true,"href":"https:\/\/cinematurc.com\/site\/index.php?rest_route=\/wp\/v2\/users\/1"}],"replies":[{"embeddable":true,"href":"https:\/\/cinematurc.com\/site\/index.php?rest_route=%2Fwp%2Fv2%2Fcomments&post=25"}],"version-history":[{"count":5,"href":"https:\/\/cinematurc.com\/site\/index.php?rest_route=\/wp\/v2\/pages\/25\/revisions"}],"predecessor-version":[{"id":348,"href":"https:\/\/cinematurc.com\/site\/index.php?rest_route=\/wp\/v2\/pages\/25\/revisions\/348"}],"wp:attachment":[{"href":"https:\/\/cinematurc.com\/site\/index.php?rest_route=%2Fwp%2Fv2%2Fmedia&parent=25"}],"curies":[{"name":"wp","href":"https:\/\/api.w.org\/{rel}","templated":true}]}}