{"id":132,"date":"2026-03-04T12:37:08","date_gmt":"2026-03-04T11:37:08","guid":{"rendered":"https:\/\/cinematurc.com\/site\/?page_id=132"},"modified":"2026-03-04T12:40:22","modified_gmt":"2026-03-04T11:40:22","slug":"archives-des-editions-precedentes","status":"publish","type":"page","link":"https:\/\/cinematurc.com\/site\/?page_id=132","title":{"rendered":"Archives des \u00e9ditions pr\u00e9c\u00e9dentes"},"content":{"rendered":"\n<p><\/p>\n\n\n\n<figure class=\"wp-block-embed is-type-wp-embed is-provider-cinema-turc wp-block-embed-cinema-turc\"><div class=\"wp-block-embed__wrapper\">\n<blockquote class=\"wp-embedded-content\" data-secret=\"HhneL1HZG1\"><a href=\"https:\/\/cinematurc.com\/site\/?page_id=61\">Festival 2025<\/a><\/blockquote><iframe loading=\"lazy\" class=\"wp-embedded-content\" sandbox=\"allow-scripts\" security=\"restricted\" style=\"position: absolute; visibility: hidden;\" title=\"\u00ab\u00a0Festival 2025\u00a0\u00bb &#8212; Cinema Turc\" src=\"https:\/\/cinematurc.com\/site\/?page_id=61&#038;embed=true#?secret=pEYtXR5aix#?secret=HhneL1HZG1\" data-secret=\"HhneL1HZG1\" width=\"500\" height=\"282\" frameborder=\"0\" marginwidth=\"0\" marginheight=\"0\" scrolling=\"no\"><\/iframe>\n<\/div><\/figure>\n","protected":false},"excerpt":{"rendered":"","protected":false},"author":1,"featured_media":0,"parent":0,"menu_order":0,"comment_status":"closed","ping_status":"closed","template":"","meta":{"footnotes":""},"class_list":["post-132","page","type-page","status-publish","hentry"],"_links":{"self":[{"href":"https:\/\/cinematurc.com\/site\/index.php?rest_route=\/wp\/v2\/pages\/132","targetHints":{"allow":["GET"]}}],"collection":[{"href":"https:\/\/cinematurc.com\/site\/index.php?rest_route=\/wp\/v2\/pages"}],"about":[{"href":"https:\/\/cinematurc.com\/site\/index.php?rest_route=\/wp\/v2\/types\/page"}],"author":[{"embeddable":true,"href":"https:\/\/cinematurc.com\/site\/index.php?rest_route=\/wp\/v2\/users\/1"}],"replies":[{"embeddable":true,"href":"https:\/\/cinematurc.com\/site\/index.php?rest_route=%2Fwp%2Fv2%2Fcomments&post=132"}],"version-history":[{"count":2,"href":"https:\/\/cinematurc.com\/site\/index.php?rest_route=\/wp\/v2\/pages\/132\/revisions"}],"predecessor-version":[{"id":410,"href":"https:\/\/cinematurc.com\/site\/index.php?rest_route=\/wp\/v2\/pages\/132\/revisions\/410"}],"wp:attachment":[{"href":"https:\/\/cinematurc.com\/site\/index.php?rest_route=%2Fwp%2Fv2%2Fmedia&parent=132"}],"curies":[{"name":"wp","href":"https:\/\/api.w.org\/{rel}","templated":true}]}}